{"id":1490,"date":"2024-10-23T05:26:45","date_gmt":"2024-10-23T05:26:45","guid":{"rendered":"https:\/\/energyefficiencyprogram.org\/califica-ahora\/"},"modified":"2025-02-03T10:18:10","modified_gmt":"2025-02-03T10:18:10","slug":"califica-ahora","status":"publish","type":"page","link":"https:\/\/energyefficiencyprogram.org\/es\/califica-ahora\/","title":{"rendered":"Califica Ahora"},"content":{"rendered":"\t\t<div data-elementor-type=\"wp-page\" data-elementor-id=\"1490\" class=\"elementor elementor-1490 elementor-33\" data-elementor-post-type=\"page\">\n\t\t\t\t<div class=\"elementor-element elementor-element-052dee9 e-flex e-con-boxed e-con e-parent\" data-id=\"052dee9\" data-element_type=\"container\" data-settings=\"{&quot;background_background&quot;:&quot;classic&quot;}\">\n\t\t\t\t\t<div class=\"e-con-inner\">\n\t\t\t\t<div class=\"elementor-element elementor-element-dfaf2eb elementor-widget elementor-widget-heading\" data-id=\"dfaf2eb\" data-element_type=\"widget\" data-widget_type=\"heading.default\">\n\t\t\t\t<div class=\"elementor-widget-container\">\n\t\t\t\t\t<h1 class=\"elementor-heading-title elementor-size-default\">Estamos Aqu\u00ed Para Proteger Tu Casa<\/h1>\t\t\t\t<\/div>\n\t\t\t\t<\/div>\n\t\t\t\t<div class=\"elementor-element elementor-element-026511e elementor-widget elementor-widget-text-editor\" data-id=\"026511e\" data-element_type=\"widget\" data-widget_type=\"text-editor.default\">\n\t\t\t\t<div class=\"elementor-widget-container\">\n\t\t\t\t\t\t\t\t\t<p>Protege tu casa y reduce la prima de tu seguro mediante el Programa de Seguridad contra Huracanes. Calif\u00edcate para sustituir el tejado o las ventanas y puertas sin las molestias de los costes iniciales o las comprobaciones de cr\u00e9dito. Llama o env\u00eda un mensaje de texto para reservar tu evaluaci\u00f3n gratuita de seguridad frente a huracanes.  <\/p>\n\t\t\t\t\t\t\t\t<\/div>\n\t\t\t\t<\/div>\n\t\t\t\t<div class=\"elementor-element elementor-element-9c50fde elementor-align-center elementor-widget elementor-widget-button\" data-id=\"9c50fde\" data-element_type=\"widget\" data-widget_type=\"button.default\">\n\t\t\t\t<div class=\"elementor-widget-container\">\n\t\t\t\t\t\t\t\t\t<div class=\"elementor-button-wrapper\">\n\t\t\t\t\t<a class=\"elementor-button elementor-button-link elementor-size-sm\" href=\"tel:+17869524136\">\n\t\t\t\t\t\t<span class=\"elementor-button-content-wrapper\">\n\t\t\t\t\t\t<span class=\"elementor-button-icon\">\n\t\t\t\t<svg xmlns=\"http:\/\/www.w3.org\/2000\/svg\" width=\"16\" height=\"16\" viewBox=\"0 0 16 16\" fill=\"none\"><path d=\"M12.6667 8L3.33335 8M12.6667 8L8.66669 12M12.6667 8L8.66669 4\" stroke=\"white\" stroke-width=\"2\" stroke-linecap=\"round\" stroke-linejoin=\"round\"><\/path><\/svg>\t\t\t<\/span>\n\t\t\t\t\t\t\t\t\t<span class=\"elementor-button-text\">Llama o env\u00eda un mensaje al (+1) 786-952-4136<\/span>\n\t\t\t\t\t<\/span>\n\t\t\t\t\t<\/a>\n\t\t\t\t<\/div>\n\t\t\t\t\t\t\t\t<\/div>\n\t\t\t\t<\/div>\n\t\t\t\t<div class=\"elementor-element elementor-element-ce4cdd7 elementor-widget elementor-widget-html\" data-id=\"ce4cdd7\" data-element_type=\"widget\" data-widget_type=\"html.default\">\n\t\t\t\t<div class=\"elementor-widget-container\">\n\t\t\t\t\t\n    <iframe id=\"JotFormIFrame-232186339356058\" title=\"Programa de Seguridad ante Huracanes\" onload=\"window.parent.scrollTo(0,0)\" allowtransparency=\"true\" allow=\"geolocation; microphone; camera; fullscreen\" src=\"https:\/\/form.jotform.com\/232186339356058\" frameborder=\"0\" style=\"min-width:100%;max-width:100%;border:none; height: 100%;\" scrolling=\"yes\">\n    <\/iframe>\n    <script src=\"https:\/\/cdn.jotfor.ms\/s\/umd\/latest\/for-form-embed-handler.js\"><\/script>\n    <script>window.jotformEmbedHandler(\"iframe[id='JotFormIFrame-232186339356058']\", \"https:\/\/form.jotform.com\/\")<\/script>\n    \t\t\t\t<\/div>\n\t\t\t\t<\/div>\n\t\t\t\t\t<\/div>\n\t\t\t\t<\/div>\n\t\t<div class=\"elementor-element elementor-element-3abadc5 e-flex e-con-boxed e-con e-parent\" data-id=\"3abadc5\" data-element_type=\"container\">\n\t\t\t\t\t<div class=\"e-con-inner\">\n\t\t\t\t<div class=\"elementor-element elementor-element-81f6308 elementor-widget elementor-widget-heading\" data-id=\"81f6308\" data-element_type=\"widget\" data-widget_type=\"heading.default\">\n\t\t\t\t<div class=\"elementor-widget-container\">\n\t\t\t\t\t<h2 class=\"elementor-heading-title elementor-size-default\">Propietarios Reales, Apoyo Real<\/h2>\t\t\t\t<\/div>\n\t\t\t\t<\/div>\n\t\t\t\t\t<\/div>\n\t\t\t\t<\/div>\n\t\t<div class=\"elementor-element elementor-element-f52d2be e-flex e-con-boxed e-con e-parent\" data-id=\"f52d2be\" data-element_type=\"container\">\n\t\t\t\t\t<div class=\"e-con-inner\">\n\t\t\t\t<div class=\"elementor-element elementor-element-df99eb2 elementor-grid-4 elementor-grid-tablet-2 elementor-grid-mobile-1 elementor-widget elementor-widget-loop-grid\" data-id=\"df99eb2\" data-element_type=\"widget\" data-settings=\"{&quot;template_id&quot;:441,&quot;columns&quot;:4,&quot;_skin&quot;:&quot;post&quot;,&quot;columns_tablet&quot;:&quot;2&quot;,&quot;columns_mobile&quot;:&quot;1&quot;,&quot;edit_handle_selector&quot;:&quot;[data-elementor-type=\\&quot;loop-item\\&quot;]&quot;,&quot;row_gap&quot;:{&quot;unit&quot;:&quot;px&quot;,&quot;size&quot;:&quot;&quot;,&quot;sizes&quot;:[]},&quot;row_gap_laptop&quot;:{&quot;unit&quot;:&quot;px&quot;,&quot;size&quot;:&quot;&quot;,&quot;sizes&quot;:[]},&quot;row_gap_tablet_extra&quot;:{&quot;unit&quot;:&quot;px&quot;,&quot;size&quot;:&quot;&quot;,&quot;sizes&quot;:[]},&quot;row_gap_tablet&quot;:{&quot;unit&quot;:&quot;px&quot;,&quot;size&quot;:&quot;&quot;,&quot;sizes&quot;:[]},&quot;row_gap_mobile&quot;:{&quot;unit&quot;:&quot;px&quot;,&quot;size&quot;:&quot;&quot;,&quot;sizes&quot;:[]}}\" data-widget_type=\"loop-grid.post\">\n\t\t\t\t<div class=\"elementor-widget-container\">\n\t\t\t\t\t\t\t<div class=\"e-loop-nothing-found-message\">\n\t\t<\/div>\n\t\t\t\t\t\t<\/div>\n\t\t\t\t<\/div>\n\t\t\t\t\t<\/div>\n\t\t\t\t<\/div>\n\t\t\t\t<\/div>\n\t\t","protected":false},"excerpt":{"rendered":"<p>Estamos Aqu\u00ed Para Proteger Tu Casa Protege tu casa y reduce la prima de tu seguro mediante el Programa de Seguridad contra Huracanes. Calif\u00edcate para sustituir el tejado o las ventanas y puertas sin las molestias de los costes iniciales o las comprobaciones de cr\u00e9dito. Llama o env\u00eda un mensaje de texto para reservar tu [&hellip;]<\/p>\n","protected":false},"author":1,"featured_media":0,"parent":0,"menu_order":0,"comment_status":"closed","ping_status":"closed","template":"","meta":{"_acf_changed":false,"inline_featured_image":false,"footnotes":""},"class_list":["post-1490","page","type-page","status-publish","hentry"],"acf":[],"yoast_head":"<!-- This site is optimized with the Yoast SEO plugin v25.0 - https:\/\/yoast.com\/wordpress\/plugins\/seo\/ -->\n<title>Califica Ahora - Energy Efficiency Program<\/title>\n<meta name=\"robots\" content=\"index, follow, max-snippet:-1, max-image-preview:large, max-video-preview:-1\" \/>\n<link rel=\"canonical\" href=\"https:\/\/energyefficiencyprogram.org\/es\/califica-ahora\/\" \/>\n<meta property=\"og:locale\" content=\"es_ES\" \/>\n<meta property=\"og:type\" content=\"article\" \/>\n<meta property=\"og:title\" content=\"Califica Ahora - Energy Efficiency Program\" \/>\n<meta property=\"og:description\" content=\"Estamos Aqu\u00ed Para Proteger Tu Casa Protege tu casa y reduce la prima de tu seguro mediante el Programa de Seguridad contra Huracanes. Calif\u00edcate para sustituir el tejado o las ventanas y puertas sin las molestias de los costes iniciales o las comprobaciones de cr\u00e9dito. Llama o env\u00eda un mensaje de texto para reservar tu [&hellip;]\" \/>\n<meta property=\"og:url\" content=\"https:\/\/energyefficiencyprogram.org\/es\/califica-ahora\/\" \/>\n<meta property=\"og:site_name\" content=\"Energy Efficiency Program\" \/>\n<meta property=\"article:publisher\" content=\"https:\/\/www.facebook.com\/HurricaneSafetyProgram\" \/>\n<meta property=\"article:modified_time\" content=\"2025-02-03T10:18:10+00:00\" \/>\n<meta name=\"twitter:card\" content=\"summary_large_image\" \/>\n<script type=\"application\/ld+json\" class=\"yoast-schema-graph\">{\"@context\":\"https:\/\/schema.org\",\"@graph\":[{\"@type\":\"WebPage\",\"@id\":\"https:\/\/energyefficiencyprogram.org\/es\/califica-ahora\/\",\"url\":\"https:\/\/energyefficiencyprogram.org\/es\/califica-ahora\/\",\"name\":\"Califica Ahora - Energy Efficiency Program\",\"isPartOf\":{\"@id\":\"https:\/\/energyefficiencyprogram.org\/es\/#website\"},\"datePublished\":\"2024-10-23T05:26:45+00:00\",\"dateModified\":\"2025-02-03T10:18:10+00:00\",\"breadcrumb\":{\"@id\":\"https:\/\/energyefficiencyprogram.org\/es\/califica-ahora\/#breadcrumb\"},\"inLanguage\":\"es\",\"potentialAction\":[{\"@type\":\"ReadAction\",\"target\":[\"https:\/\/energyefficiencyprogram.org\/es\/califica-ahora\/\"]}]},{\"@type\":\"BreadcrumbList\",\"@id\":\"https:\/\/energyefficiencyprogram.org\/es\/califica-ahora\/#breadcrumb\",\"itemListElement\":[{\"@type\":\"ListItem\",\"position\":1,\"name\":\"Home\",\"item\":\"https:\/\/energyefficiencyprogram.org\/es\/\"},{\"@type\":\"ListItem\",\"position\":2,\"name\":\"Califica Ahora\"}]},{\"@type\":\"WebSite\",\"@id\":\"https:\/\/energyefficiencyprogram.org\/es\/#website\",\"url\":\"https:\/\/energyefficiencyprogram.org\/es\/\",\"name\":\"Hurricane Safety Program\",\"description\":\"Power Your Home. Lower Your Bills.\",\"publisher\":{\"@id\":\"https:\/\/energyefficiencyprogram.org\/es\/#organization\"},\"potentialAction\":[{\"@type\":\"SearchAction\",\"target\":{\"@type\":\"EntryPoint\",\"urlTemplate\":\"https:\/\/energyefficiencyprogram.org\/es\/?s={search_term_string}\"},\"query-input\":{\"@type\":\"PropertyValueSpecification\",\"valueRequired\":true,\"valueName\":\"search_term_string\"}}],\"inLanguage\":\"es\"},{\"@type\":\"Organization\",\"@id\":\"https:\/\/energyefficiencyprogram.org\/es\/#organization\",\"name\":\"Hurricane Safety Program\",\"url\":\"https:\/\/energyefficiencyprogram.org\/es\/\",\"logo\":{\"@type\":\"ImageObject\",\"inLanguage\":\"es\",\"@id\":\"https:\/\/energyefficiencyprogram.org\/es\/#\/schema\/logo\/image\/\",\"url\":\"https:\/\/energyefficiencyprogram.org\/wp-content\/uploads\/2025\/07\/cropped-Untitled-350-x-100-px.png\",\"contentUrl\":\"https:\/\/energyefficiencyprogram.org\/wp-content\/uploads\/2025\/07\/cropped-Untitled-350-x-100-px.png\",\"width\":350,\"height\":100,\"caption\":\"Hurricane Safety Program\"},\"image\":{\"@id\":\"https:\/\/energyefficiencyprogram.org\/es\/#\/schema\/logo\/image\/\"},\"sameAs\":[\"https:\/\/www.facebook.com\/HurricaneSafetyProgram\"]}]}<\/script>\n<!-- \/ Yoast SEO plugin. -->","yoast_head_json":{"title":"Califica Ahora - Energy Efficiency Program","robots":{"index":"index","follow":"follow","max-snippet":"max-snippet:-1","max-image-preview":"max-image-preview:large","max-video-preview":"max-video-preview:-1"},"canonical":"https:\/\/energyefficiencyprogram.org\/es\/califica-ahora\/","og_locale":"es_ES","og_type":"article","og_title":"Califica Ahora - Energy Efficiency Program","og_description":"Estamos Aqu\u00ed Para Proteger Tu Casa Protege tu casa y reduce la prima de tu seguro mediante el Programa de Seguridad contra Huracanes. Calif\u00edcate para sustituir el tejado o las ventanas y puertas sin las molestias de los costes iniciales o las comprobaciones de cr\u00e9dito. Llama o env\u00eda un mensaje de texto para reservar tu [&hellip;]","og_url":"https:\/\/energyefficiencyprogram.org\/es\/califica-ahora\/","og_site_name":"Energy Efficiency Program","article_publisher":"https:\/\/www.facebook.com\/HurricaneSafetyProgram","article_modified_time":"2025-02-03T10:18:10+00:00","twitter_card":"summary_large_image","schema":{"@context":"https:\/\/schema.org","@graph":[{"@type":"WebPage","@id":"https:\/\/energyefficiencyprogram.org\/es\/califica-ahora\/","url":"https:\/\/energyefficiencyprogram.org\/es\/califica-ahora\/","name":"Califica Ahora - Energy Efficiency Program","isPartOf":{"@id":"https:\/\/energyefficiencyprogram.org\/es\/#website"},"datePublished":"2024-10-23T05:26:45+00:00","dateModified":"2025-02-03T10:18:10+00:00","breadcrumb":{"@id":"https:\/\/energyefficiencyprogram.org\/es\/califica-ahora\/#breadcrumb"},"inLanguage":"es","potentialAction":[{"@type":"ReadAction","target":["https:\/\/energyefficiencyprogram.org\/es\/califica-ahora\/"]}]},{"@type":"BreadcrumbList","@id":"https:\/\/energyefficiencyprogram.org\/es\/califica-ahora\/#breadcrumb","itemListElement":[{"@type":"ListItem","position":1,"name":"Home","item":"https:\/\/energyefficiencyprogram.org\/es\/"},{"@type":"ListItem","position":2,"name":"Califica Ahora"}]},{"@type":"WebSite","@id":"https:\/\/energyefficiencyprogram.org\/es\/#website","url":"https:\/\/energyefficiencyprogram.org\/es\/","name":"Hurricane Safety Program","description":"Power Your Home. Lower Your Bills.","publisher":{"@id":"https:\/\/energyefficiencyprogram.org\/es\/#organization"},"potentialAction":[{"@type":"SearchAction","target":{"@type":"EntryPoint","urlTemplate":"https:\/\/energyefficiencyprogram.org\/es\/?s={search_term_string}"},"query-input":{"@type":"PropertyValueSpecification","valueRequired":true,"valueName":"search_term_string"}}],"inLanguage":"es"},{"@type":"Organization","@id":"https:\/\/energyefficiencyprogram.org\/es\/#organization","name":"Hurricane Safety Program","url":"https:\/\/energyefficiencyprogram.org\/es\/","logo":{"@type":"ImageObject","inLanguage":"es","@id":"https:\/\/energyefficiencyprogram.org\/es\/#\/schema\/logo\/image\/","url":"https:\/\/energyefficiencyprogram.org\/wp-content\/uploads\/2025\/07\/cropped-Untitled-350-x-100-px.png","contentUrl":"https:\/\/energyefficiencyprogram.org\/wp-content\/uploads\/2025\/07\/cropped-Untitled-350-x-100-px.png","width":350,"height":100,"caption":"Hurricane Safety Program"},"image":{"@id":"https:\/\/energyefficiencyprogram.org\/es\/#\/schema\/logo\/image\/"},"sameAs":["https:\/\/www.facebook.com\/HurricaneSafetyProgram"]}]}},"_links":{"self":[{"href":"https:\/\/energyefficiencyprogram.org\/es\/wp-json\/wp\/v2\/pages\/1490","targetHints":{"allow":["GET"]}}],"collection":[{"href":"https:\/\/energyefficiencyprogram.org\/es\/wp-json\/wp\/v2\/pages"}],"about":[{"href":"https:\/\/energyefficiencyprogram.org\/es\/wp-json\/wp\/v2\/types\/page"}],"author":[{"embeddable":true,"href":"https:\/\/energyefficiencyprogram.org\/es\/wp-json\/wp\/v2\/users\/1"}],"replies":[{"embeddable":true,"href":"https:\/\/energyefficiencyprogram.org\/es\/wp-json\/wp\/v2\/comments?post=1490"}],"version-history":[{"count":1,"href":"https:\/\/energyefficiencyprogram.org\/es\/wp-json\/wp\/v2\/pages\/1490\/revisions"}],"predecessor-version":[{"id":1491,"href":"https:\/\/energyefficiencyprogram.org\/es\/wp-json\/wp\/v2\/pages\/1490\/revisions\/1491"}],"wp:attachment":[{"href":"https:\/\/energyefficiencyprogram.org\/es\/wp-json\/wp\/v2\/media?parent=1490"}],"curies":[{"name":"wp","href":"https:\/\/api.w.org\/{rel}","templated":true}]}}